{"id":981,"date":"2015-11-09T19:04:46","date_gmt":"2015-11-09T19:04:46","guid":{"rendered":"https:\/\/pixelgrade.com\/demos\/listable-stock\/?page_id=981"},"modified":"2023-10-19T01:35:14","modified_gmt":"2023-10-18T23:35:14","slug":"legal-notices","status":"publish","type":"page","link":"https:\/\/groix.online\/en\/legal-notices\/","title":{"rendered":"Legal Notices"},"content":{"rendered":"<div class=\"vc_row wpb_row vc_row-fluid\"><div class=\"wpb_column vc_column_container vc_col-sm-12\"><div class=\"vc_column-inner\"><div class=\"wpb_wrapper\">\n\t<div class=\"wpb_text_column wpb_content_element  contenu-mentions-legales\">\n\t\t<div class=\"wpb_wrapper\">\n\t\t\t<p><strong>ARTICLE 1 \u2013 LEGAL INFORMATION<\/strong><br \/>\nPursuant to Article 6 of Law No. 2004-575 of 21 June 2004 on confidence in the digital economy, this article specifies the identity of the various parties involved in its implementation and monitoring.<\/p>\n<p>The site <a href=\"https:\/\/groix.online\/en\/\">GROIX ONLINE<\/a> is published by the company GOVA, whose registered office is located at 10 Rue de Penthi\u00e8vre \u2013 44300 PARIS (France) registered with the trade and companies register (RCS) of PARIS under SIRET number 82829368800010.<\/p>\n<p>The contact details for the company GOVA are:<br \/>\nTel: 01 84 25 34 39<br \/>\nEmail: <a href=\"mailto:\">contact@gova.pro<\/a><\/p>\n<p>The GROIX ONLINE website is hosted by:<br \/>\nThe Company <a href=\"https:\/\/www.ovh.com\/fr\/\">OVH<\/a><br \/>\nSAS with capital of \u20ac10,069,020<br \/>\nRCS Lille M\u00e9tropole 424 761 419<br \/>\nAPE code 2620Z<br \/>\nHead office: 2 rue Kellermann \u2013 59100 Roubaix \u2013 France<br \/>\nPublishing Director: Octave KLABA<\/p>\n<p><strong>ARTICLE 2 \u2013 ACCEPTANCE OF TERMS OF USE<\/strong><br \/>\nAccess to and use of the site are subject to acceptance of and compliance with these General Terms and Conditions of Use (GTC).<br \/>\nThe publisher reserves the right to modify, at any time and without notice, the site and services as well as these Terms and Conditions, in particular to adapt to changes in the site by making new features available or removing or modifying existing features.<br \/>\nUsers are therefore advised to consult the latest version of the Terms and Conditions of Use (TCU) before browsing the site. The TCU is accessible at any time on the website. Users who disagree with the TCU should not use the site.<\/p>\n<p><strong>ARTICLE 3 \u2013 ACCESS AND NAVIGATION<\/strong><br \/>\nThe publisher implements the technical solutions at its disposal to allow access to the site 24 hours a day, 7 days a week. However, it may at any time suspend, limit or interrupt access to the site or certain pages thereof in order to carry out updates, modifications to its content or any other action deemed necessary for the proper functioning of the site.<br \/>\nConnecting to and browsing the GROIX ONLINE website constitutes unreserved acceptance of these General Terms and Conditions of Use, regardless of the technical means of access and the terminals used.<br \/>\nThese Terms and Conditions apply, as needed, to any version or extension of the site on existing or future social and\/or community networks.<\/p>\n<p><strong>ARTICLE 4 \u2013 SITE MANAGEMENT<\/strong><br \/>\nFor the proper management of the site, the publisher may at any time:<br \/>\n\u2013 to suspend, interrupt or limit access to all or part of the site, to reserve access to the site, or to certain parts of the site, to a specific category of internet user; ;<br \/>\n\u2013 remove any information that could disrupt its operation or contravene national or international laws; ;<br \/>\n\u2013 to suspend the site in order to perform updates.<\/p>\n<p><strong>ARTICLE 5 \u2013 WARNING<\/strong><br \/>\nThe information contained on the Site cannot under any circumstances be considered as solicitation or a personalized service offer.<br \/>\nGROIX ONLINE is only bound by a simple obligation of means regarding the information it makes available to people who access the Site.<br \/>\nAlthough we have taken every step to ensure the reliability of the information contained on the Site, GROIX ONLINE cannot be held responsible for any errors, omissions, or for the results that may be obtained from the use of this information.<br \/>\nConsequently, any user who accesses information on the Site is solely responsible for any use that may be made of it. In particular, it is their responsibility to verify, or have verified, whether the information thus obtained is accurate and up-to-date.<\/p>\n<p><strong>ARTICLE 6 \u2013 RESPONSIBILITIES<\/strong><br \/>\nThe publisher is only responsible for the content that it has itself edited.<br \/>\nThe publisher is not responsible:<br \/>\n\u2013 in the event of technical, IT or site compatibility problems or failures with any hardware or software whatsoever; ;<br \/>\n\u2013 direct or indirect, tangible or intangible, foreseeable or unforeseeable damages resulting from the use of, or difficulties in using, the site or its services; ;<br \/>\n\u2013 intrinsic characteristics of the internet, in particular those relating to the lack of reliability and the lack of security of the information circulating on it; ;<br \/>\n\u2013 illicit content or activities using its site, without it having duly taken note of them within the meaning of Law No. 2004-575 of 21 June 2004 for confidence in the digital economy and Law No. 2004-801 of 6 August 2004 relating to the protection of natural persons with regard to the processing of personal data.<br \/>\nFurthermore, the site cannot guarantee the accuracy, completeness, and timeliness of the information published on it.<br \/>\nThe user is responsible for:<br \/>\n\u2013 the protection of its equipment and data; ;<br \/>\n\u2013 of his use of the site or its services; ;<br \/>\n\u2013 if it does not respect either the letter or the spirit of these Terms and Conditions.<\/p>\n<p><strong>ARTICLE 7 \u2013 PARTIAL INVALIDITY<\/strong><br \/>\nIf one or more provisions of these Terms and Conditions are held to be invalid or declared as such pursuant to any law, regulation or final decision of a competent court, they shall be deemed unwritten and the other provisions shall remain in force.<\/p>\n<p><strong>ARTICLE 8 \u2013 HYPERLINKS<\/strong><br \/>\nAny hyperlink to the site, regardless of the type of link, must be subject to prior authorization from GROIX ONLINE.<br \/>\nExcluded from this authorization are sites disseminating information that is illegal, violent, controversial, pornographic, xenophobic or that may offend the sensibilities of the majority.<br \/>\nThe site may contain hyperlinks pointing to other websites over which GROIX ONLINE has no control.<br \/>\nGROIX ONLINE has ensured, as far as possible, that these websites and other internet sources did not contain content that violated French law.<br \/>\nTherefore, GROIX ONLINE cannot be held responsible for the provision of these external sites and sources except insofar as the page or internet source to which a hyperlink was created contained content that contravened French law at the time of its creation.<br \/>\nGROIX ONLINE therefore cannot be held liable for the content, advertisements, products, and services available on or from these external sites or sources offered after the creation of the hyperlink on its Site. It is expressly agreed that the user is responsible for providing proof that the said hyperlink was created after the dissemination of this content, advertisements, products, or services.<br \/>\nThe user therefore acknowledges that GROIX ONLINE cannot be held responsible for any actual or alleged damages or losses resulting from or related to the use of, or reliance on, the content, advertisements, products or services available on these external sites or sources.<br \/>\nFinally, GROIX ONLINE reserves the right to remove at any time a hyperlink pointing to its site, if the site considers it to be inconsistent with its editorial policy.<\/p>\n<p><strong>ARTICLE 9 \u2013 CONTACT REQUESTS<\/strong><br \/>\nThe user can contact GROIX ONLINE via the &quot;Contact&quot; tab on the Site.<br \/>\nThis contact request aims, among other things, but is not limited to:<br \/>\n\u2013 a request to be put in contact with a sales representative from GROIX ONLINE,<br \/>\n\u2013 a request for information,<br \/>\n\u2013 a subscription request,<br \/>\n\u2013 a request for information on events organised by GROIX ONLINE.<br \/>\nGROIX ONLINE will make every effort to respond to any contact request from a User. However, GROIX ONLINE is under no obligation to provide a response or acknowledge receipt of the User&#039;s request.<br \/>\nFinally, users expressly agree that GROIX ONLINE&#039;s automatic recording systems shall be considered as valid proof of the nature, content, date and time of the information and documents sent by them to GROIX ONLINE.<br \/>\nGROIX ONLINE does not make any commitment to the user to send them one or more newsletters on a regular basis.<\/p>\n<p><strong>Article 10 \u2013 DATA PROCESSING AND FREEDOM OF INFORMATION TECHNOLOGY<\/strong><br \/>\nRespect for privacy and the protection of personal information that users transmit to GROIX ONLINE are essential, and GROIX ONLINE strives to secure them by implementing all available means. To this end, GROIX ONLINE makes every effort to ensure the protection of its users&#039; data and guarantees a level of security that complies with current standards and practices.<\/p>\n<p><strong>ARTICLE 11 \u2013 COOKIES<\/strong><br \/>\nThe site may use \u201ccookies\u201d to process statistics and traffic information, facilitate navigation and improve the service for the user&#039;s comfort, who can object to the recording of these \u201ccookies\u201d by configuring their browser software.<\/p>\n<p><strong>ARTICLE 12 \u2013 INTELLECTUAL PROPERTY<\/strong><br \/>\nThe site&#039;s structure, as well as the texts, graphics, images, photographs, sounds, videos and computer applications that compose it, are the property of the publisher and are protected as such by the laws in force regarding intellectual property.<br \/>\nAny reproduction, representation, adaptation, or exploitation, in whole or in part, of the content, trademarks, and services offered by this website, by any means whatsoever, without the prior, express, and written authorization of the publisher, is strictly prohibited and may constitute copyright infringement under Articles L. 335-2 et seq. of the French Intellectual Property Code. This prohibition does not apply to elements expressly designated as royalty-free on the website.<br \/>\nAccess to the site does not constitute recognition of any right and, in general, does not confer any intellectual property rights relating to any element of the site, which remains the exclusive property of the publisher.<br \/>\nUsers are prohibited from entering data on the site that would modify, or could potentially modify, its content or appearance.<\/p>\n<p><strong>ARTICLE 13 \u2013 LANGUAGE OF THE CONTRACT<\/strong><br \/>\nOnly the French language version of the Terms and Conditions is valid between the parties and may be produced in court.<\/p>\n<p><strong>ARTICLE 14 \u2013 APPLICABLE LAW AND JURISDICTION<\/strong><br \/>\nThese General Terms of Use are governed by French law. In the event of a dispute and failing an amicable agreement, the matter will be brought before the competent court in Vincennes in accordance with the applicable rules of jurisdiction.<\/p>\n\n\t\t<\/div>\n\t<\/div>\n<\/div><\/div><\/div><\/div>","protected":false},"excerpt":{"rendered":"ARTICLE 1 \u2013 INFORMATIONS L\u00c9GALES En vertu de l\u2019article 6 de la Loi n\u00b0 2004-575 du 21 juin 2004 pour la confiance dans l\u2019\u00e9conomie num\u00e9rique, il est pr\u00e9cis\u00e9 dans cet article l\u2019identit\u00e9 des diff\u00e9rents intervenants dans le cadre de sa r\u00e9alisation et de son suivi. Le site GROIX ONLINE est \u00e9dit\u00e9 par la soci\u00e9t\u00e9 GOVA, [...]","protected":false},"author":1,"featured_media":0,"parent":0,"menu_order":0,"comment_status":"closed","ping_status":"closed","template":"page-templates\/full_width.php","meta":{"inline_featured_image":false},"acf":[],"_links":{"self":[{"href":"https:\/\/groix.online\/en\/wp-json\/wp\/v2\/pages\/981"}],"collection":[{"href":"https:\/\/groix.online\/en\/wp-json\/wp\/v2\/pages"}],"about":[{"href":"https:\/\/groix.online\/en\/wp-json\/wp\/v2\/types\/page"}],"author":[{"embeddable":true,"href":"https:\/\/groix.online\/en\/wp-json\/wp\/v2\/users\/1"}],"replies":[{"embeddable":true,"href":"https:\/\/groix.online\/en\/wp-json\/wp\/v2\/comments?post=981"}],"version-history":[{"count":5,"href":"https:\/\/groix.online\/en\/wp-json\/wp\/v2\/pages\/981\/revisions"}],"predecessor-version":[{"id":16374,"href":"https:\/\/groix.online\/en\/wp-json\/wp\/v2\/pages\/981\/revisions\/16374"}],"wp:attachment":[{"href":"https:\/\/groix.online\/en\/wp-json\/wp\/v2\/media?parent=981"}],"curies":[{"name":"wp","href":"https:\/\/api.w.org\/{rel}","templated":true}]}}