{"id":673,"date":"2017-02-17T19:16:26","date_gmt":"2017-02-17T18:16:26","guid":{"rendered":"https:\/\/groix.online\/listings\/"},"modified":"2017-10-23T21:09:53","modified_gmt":"2017-10-23T19:09:53","slug":"directory","status":"publish","type":"page","link":"https:\/\/groix.online\/en\/directory\/","title":{"rendered":"Annuaire"},"content":{"rendered":"<div class=\"job_listings\" data-location=\"\" data-keywords=\"\" data-show_filters=\"true\" data-show_pagination=\"false\" data-per_page=\"20\" data-orderby=\"featured\" data-order=\"DESC\" data-categories=\"\" data-disable-form-state-storage=\"\" data-post_id=\"673\" ><div class=\"myflex\">\n<div class=\"myflex__left\">\n\t<form class=\"job_filters\" action=\"\">\n\t\t\n\t\t<a href=\"#\" class=\"findme  js-find-me\"><\/a>\n\n\t\t<div class=\"search_jobs\">\n\t\t\t\t\t\t<input type=\"hidden\" name=\"search_keywords\" id=\"search_keywords\" value=\"\"\/>\n\n\t\t\t<div class=\"search_location\">\n\t\t\t\t<label for=\"search_location\">Rental<\/label>\n\t\t\t\t<input type=\"text\" name=\"search_location\" id=\"search_location\"\n\t\t\t\t       placeholder=\"Rental\"\n\t\t\t\t       value=\"\"\/>\n\t\t\t<\/div>\n\n\t\t\t<div class=\"select-categories\">\n\t\t\t\t\n\t\t\t\t\t<div class=\"search_categories\">\n\t\t\t\t\t\t<label for=\"search_categories\">Category<\/label>\n\t\t\t\t\t\t<select name='search_categories[]' id='search_categories' class='job-manager-category-dropdown'  data-placeholder='Choose a category&hellip;' data-no_results_text='No results match.' data-multiple_text='Select Some Options'>\n<option value=\"\">Any category<\/option>\t<option class=\"level-0\" value=\"102\">Discovery<\/option>\n\t<option class=\"level-1\" value=\"126\">&nbsp;&nbsp;&nbsp;Local Crafts<\/option>\n\t<option class=\"level-1\" value=\"139\">&nbsp;&nbsp;&nbsp;Well-being<\/option>\n\t<option class=\"level-1\" value=\"133\">&nbsp;&nbsp;&nbsp;Shops<\/option>\n\t<option class=\"level-1\" value=\"24\">&nbsp;&nbsp;&nbsp;Hobbies<\/option>\n\t<option class=\"level-1\" value=\"46\">&nbsp;&nbsp;&nbsp;Service<\/option>\n\t<option class=\"level-2\" value=\"135\">&nbsp;&nbsp;&nbsp;&nbsp;&nbsp;&nbsp;Boat rental<\/option>\n\t<option class=\"level-2\" value=\"127\">&nbsp;&nbsp;&nbsp;&nbsp;&nbsp;&nbsp;Bike rental<\/option>\n\t<option class=\"level-2\" value=\"164\">&nbsp;&nbsp;&nbsp;&nbsp;&nbsp;&nbsp;Car rental<\/option>\n\t<option class=\"level-0\" value=\"100\">Accommodation<\/option>\n\t<option class=\"level-1\" value=\"163\">&nbsp;&nbsp;&nbsp;Real estate agencies<\/option>\n\t<option class=\"level-1\" value=\"106\">&nbsp;&nbsp;&nbsp;Camping<\/option>\n\t<option class=\"level-1\" value=\"61\">&nbsp;&nbsp;&nbsp;Rooms for rent<\/option>\n\t<option class=\"level-1\" value=\"57\">&nbsp;&nbsp;&nbsp;Bed and Breakfast<\/option>\n\t<option class=\"level-1\" value=\"58\">&nbsp;&nbsp;&nbsp;Hotels<\/option>\n\t<option class=\"level-1\" value=\"104\">&nbsp;&nbsp;&nbsp;Unusual<\/option>\n\t<option class=\"level-1\" value=\"59\">&nbsp;&nbsp;&nbsp;Rental<\/option>\n\t<option class=\"level-0\" value=\"36\">Restaurants<\/option>\n\t<option class=\"level-0\" value=\"101\">Restaurants and Bars<\/option>\n\t<option class=\"level-1\" value=\"39\">&nbsp;&nbsp;&nbsp;Cafe &amp; Bar<\/option>\n\t<option class=\"level-1\" value=\"32\">&nbsp;&nbsp;&nbsp;Creperie<\/option>\n\t<option class=\"level-1\" value=\"35\">&nbsp;&nbsp;&nbsp;Snack<\/option>\n<\/select>\n\t\t\t\t\t<\/div>\n\n\t\t\t\t\t\t\t<\/div><!-- .select-categories -->\n\t\t\t\t\t<\/div><!-- .search_jobs -->\n\n\t\t<div class=\"mobile-buttons\">\n\t\t\t<button class=\"btn btn--filter\">Filter\t\t\t\t<span>Listings<\/span><\/button>\n\t\t\t<button class=\"btn btn--view btn--view-map\"><span>Map View<\/span>\n\t\t\t<\/button>\n\t\t\t<button class=\"btn btn--view btn--view-cards\">\n\t\t\t\t<span>Cards View <\/span><\/button>\n\t\t<\/div>\n\n\t\t\t<ul class=\"job_types\">\n\t\t\t<\/ul>\n\t<input type=\"hidden\" name=\"filter_job_type[]\" value=\"\" \/>\n<div class=\"showing_jobs\"><\/div>\n\t<input type=\"hidden\" name=\"trp-form-language\" value=\"en\"\/><\/form><!-- .job_filter -->\n\n\t\n\t<noscript>Your browser does not support JavaScript, or it is disabled. JavaScript must be enabled in order to view listings.<\/noscript>\n\n\n<div class=\"grid list job_listings\">\n\n\n\n<\/div><!-- .grid.list.job_listings -->\n<svg class=\"loader\" width=\"40px\" height=\"40px\" viewbox=\"0 0 40 40\" version=\"1.1\" xmlns=\"http:\/\/www.w3.org\/2000\/svg\" xmlns:xlink=\"http:\/\/www.w3.org\/1999\/xlink\">\n    <defs>\n        <lineargradient x1=\"50%\" y1=\"7.52257671%\" x2=\"50%\" y2=\"100%\" id=\"linearGradient-1\">\n            <stop stop-color=\"currentColor\" stop-opacity=\"0.5\" offset=\"0%\"><\/stop>\n            <stop stop-color=\"currentColor\" stop-opacity=\"0\" offset=\"100%\"><\/stop>\n        <\/lineargradient>\n        <lineargradient x1=\"50%\" y1=\"7.70206696%\" x2=\"50%\" y2=\"100%\" id=\"linearGradient-2\">\n            <stop stop-color=\"currentColor\" stop-opacity=\"0.5\" offset=\"0%\"><\/stop>\n            <stop stop-color=\"currentColor\" offset=\"100%\"><\/stop>\n        <\/lineargradient>\n    <\/defs>\n    <g id=\"Page-1\" stroke=\"none\" stroke-width=\"1\" fill=\"none\" fill-rule=\"evenodd\">\n        <g>\n            <path d=\"M20,0 C31.045695,0 40,8.954305 40,20 C40,31.045695 31.045695,40 20,40 L20,38 C29.9411255,38 38,29.9411255 38,20 C38,10.0588745 29.9411255,2 20,2 L20,0 Z\" id=\"Oval-1\" fill=\"url(#linearGradient-1)\"><\/path>\n            <path d=\"M20,0 C8.954305,0 0,8.954305 0,20 C0,31.045695 8.954305,40 20,40 L20,38 C10.0588745,38 2,29.9411255 2,20 C2,10.0588745 10.0588745,2 20,2 L20,0 Z\" id=\"Oval-1-Copy\" fill=\"url(#linearGradient-2)\"><\/path>\n        <\/g>\n    <\/g>\n<\/svg>\n\n<a class=\"load_more_jobs\" href=\"#\" style=\"display:none;\"><strong>Load more listings<\/strong><\/a>\t<\/div><!-- .myflex__left -->\n<div id=\"map\" class=\"map myflex__right\"><\/div>\n<\/div><!-- .myflex -->\n<\/div>\n<div class=\"annuaire-des-adresses\">\n<h1 class=\"titre-categorie\">Address directory for the island of Groix<\/h1>\n<h2 class=\"sous-titre-categorie\">Accommodation, restaurants, leisure activities, services\u2026<\/h2>\n<p>Groix Island is full of treasures, so we&#039;ve created a directory of addresses for the island. Our aim is to list all the establishments offering accommodation: hotels, rooms for rent, bed and breakfasts, rentals, campsites, unusual accommodations\u2026<br \/>\nYou can also select restaurants, cr\u00eaperies, or snack bars for your lunch or dinner. Groix is also an island for relaxation, which is why we give visibility to cafes and bars, often boasting superb terraces.<br \/>\nFurthermore, for those interested in exploring the area, you&#039;ll find information on the leisure activities available. These include the ever-popular Parcabout adventure park, mini-golf, the Subagrec diving club, and Escal&#039;Ouest&#039;s sea excursions. We can also mention bicycle rentals, boat rentals, and ferry crossings. Finally, we highlight the unique shops on the island of Groix.<\/p>\n<\/div>","protected":false},"excerpt":{"rendered":"<p>Annuaire d&rsquo;adresses de l&rsquo;\u00eele de Groix H\u00e9bergements, restaurants, loisirs, services &#8230; L&rsquo;\u00eele de Groix regorge de tr\u00e9sors, nous avons donc cr\u00e9e un annuaire d&rsquo;adresses de l&rsquo;\u00eele de Groix. Nous avons ainsi souhait\u00e9 recenser pour vous l&rsquo;ensemble des \u00e9tablissements qui propose des h\u00e9bergements. H\u00f4tels, Chambres \u00e0 louer, Chambres d&rsquo;h\u00f4tes, Locations, Camping, Locations insolites&#8230; Vous pourrez \u00e9galement [&hellip;]<\/p>","protected":false},"author":1,"featured_media":0,"parent":0,"menu_order":0,"comment_status":"closed","ping_status":"closed","template":"","meta":{"inline_featured_image":false},"acf":[],"_links":{"self":[{"href":"https:\/\/groix.online\/en\/wp-json\/wp\/v2\/pages\/673"}],"collection":[{"href":"https:\/\/groix.online\/en\/wp-json\/wp\/v2\/pages"}],"about":[{"href":"https:\/\/groix.online\/en\/wp-json\/wp\/v2\/types\/page"}],"author":[{"embeddable":true,"href":"https:\/\/groix.online\/en\/wp-json\/wp\/v2\/users\/1"}],"replies":[{"embeddable":true,"href":"https:\/\/groix.online\/en\/wp-json\/wp\/v2\/comments?post=673"}],"version-history":[{"count":0,"href":"https:\/\/groix.online\/en\/wp-json\/wp\/v2\/pages\/673\/revisions"}],"wp:attachment":[{"href":"https:\/\/groix.online\/en\/wp-json\/wp\/v2\/media?parent=673"}],"curies":[{"name":"wp","href":"https:\/\/api.w.org\/{rel}","templated":true}]}}