{"id":14083,"date":"2017-07-27T16:15:32","date_gmt":"2017-07-27T14:15:32","guid":{"rendered":"https:\/\/groix.online\/?page_id=14083"},"modified":"2019-05-29T21:04:40","modified_gmt":"2019-05-29T19:04:40","slug":"shop-opening-hours","status":"publish","type":"page","link":"https:\/\/groix.online\/en\/shop-opening-hours\/","title":{"rendered":"Shop Hours"},"content":{"rendered":"<div class=\"vc_row wpb_row vc_row-fluid\"><div class=\"wpb_column vc_column_container vc_col-sm-6\"><div class=\"vc_column-inner\"><div class=\"wpb_wrapper\">\n\t<div class=\"wpb_text_column wpb_content_element\">\n\t\t<div class=\"wpb_wrapper\">\n\t\t\t<div class=\"icon-ajouts\"><span class=\"aligncenter\"><img decoding=\"async\" loading=\"lazy\" class=\"aligncenter\" style=\"max-width: 50px;\" src=\"https:\/\/groix.online\/wp-content\/uploads\/2017\/07\/005-commerce.png\" alt=\"Shops in Groix\" width=\"50\" height=\"50\" \/><\/span><\/div>\n<h2 class=\"sous-parties-commerces\">Carrefour Contact<\/h2>\n<p>The Carrefour Contact supermarket is located in the town center. It&#039;s the shop that stays open the latest (until 8pm) and is open on Sundays during the summer holidays.<\/p>\n\n\t\t<\/div>\n\t<\/div>\n\n\t<div class=\"wpb_text_column wpb_content_element\">\n\t\t<div class=\"wpb_wrapper\">\n\t\t\t<p><strong>In the Village<\/strong><br \/>\nRoute de Kermaris Kermunition, 56590 Groix<\/p>\n<p><u>Hours of operation<\/u> :<br \/>\nMonday to Saturday: 8:00am-8:00pm<br \/>\nSunday: 9:00 AM - 1:00 PM<\/p>\n\n\t\t<\/div>\n\t<\/div>\n<\/div><\/div><\/div><div class=\"commerce-de-droite wpb_column vc_column_container vc_col-sm-6\"><div class=\"vc_column-inner\"><div class=\"wpb_wrapper\">\n\t<div class=\"wpb_text_column wpb_content_element\">\n\t\t<div class=\"wpb_wrapper\">\n\t\t\t<div class=\"icon-ajouts\"><span class=\"aligncenter\"><img decoding=\"async\" loading=\"lazy\" class=\"aligncenter\" style=\"max-width: 50px;\" src=\"https:\/\/groix.online\/wp-content\/uploads\/2017\/07\/005-commerce.png\" alt=\"Shops in Groix\" width=\"50\" height=\"50\" \/><\/span><\/div>\n<h2 class=\"sous-parties-commerces\">Intermarch\u00e9<\/h2>\n<p>Intermarch\u00e9, at the end of the Port-Tudy hill, is the largest store on the island of Groix, including a caterer-butcher.<\/p>\n\n\t\t<\/div>\n\t<\/div>\n\n\t<div class=\"wpb_text_column wpb_content_element\">\n\t\t<div class=\"wpb_wrapper\">\n\t\t\t<p><strong>Between Bourg and Port-Tudy<\/strong><br \/>\nRoute des plages, 56590 Groix<\/p>\n<p><u>Hours of operation<\/u> :<br \/>\nMonday to Saturday: 9:00am-12:30pm and 3:00pm-7:30pm<br \/>\nSunday: Closed<br \/>\n<em>July-August: 9:00am-1:00pm and 3:00pm-8:00pm<\/em><br \/>\n<em>Open on Sundays from April to September.<\/em><\/p>\n\n\t\t<\/div>\n\t<\/div>\n<\/div><\/div><\/div><\/div><div class=\"vc_row wpb_row vc_row-fluid\"><div class=\"wpb_column vc_column_container vc_col-sm-12\"><div class=\"vc_column-inner\"><div class=\"wpb_wrapper\"><div class=\"vc_separator wpb_content_element vc_separator_align_center vc_sep_width_100 vc_sep_pos_align_center vc_separator_no_text vc_sep_color_grey\"><span class=\"vc_sep_holder vc_sep_holder_l\"><span  class=\"vc_sep_line\"><\/span><\/span><span class=\"vc_sep_holder vc_sep_holder_r\"><span  class=\"vc_sep_line\"><\/span><\/span>\n<\/div><\/div><\/div><\/div><\/div><div class=\"vc_row wpb_row vc_row-fluid\"><div class=\"wpb_column vc_column_container vc_col-sm-6\"><div class=\"vc_column-inner\"><div class=\"wpb_wrapper\">\n\t<div class=\"wpb_text_column wpb_content_element\">\n\t\t<div class=\"wpb_wrapper\">\n\t\t\t<div class=\"icon-ajouts\"><span class=\"aligncenter\"><img decoding=\"async\" loading=\"lazy\" class=\"aligncenter\" style=\"max-width: 50px;\" src=\"https:\/\/groix.online\/wp-content\/uploads\/2017\/07\/003-food.png\" alt=\"Groix Fish Market\" width=\"50\" height=\"50\" \/><\/span><\/div>\n<h2 class=\"sous-parties-commerces\"><strong>[Farm]\u00a0<\/strong>At the coastal fishery<\/h2>\n<p>The fish shop on the island of Groix, located in the town and on the quays, offers a selection of coastal fish and seafood from the region.<\/p>\n\n\t\t<\/div>\n\t<\/div>\n\n\t<div class=\"wpb_text_column wpb_content_element\">\n\t\t<div class=\"wpb_wrapper\">\n\t\t\t<p><strong>In the town and at Port-Tudy<\/strong><br \/>\n22 rue du Presbyt\u00e8re, 56590 Groix<\/p>\n<p><u>Hours of operation<\/u> :<br \/>\nTown center: Tuesday to Sunday from 9:30 am to 12:30 pm<br \/>\nPort-Tudy: Tuesday to Saturday from 5:00 PM to 7:00 PM<\/p>\n\n\t\t<\/div>\n\t<\/div>\n<\/div><\/div><\/div><div class=\"commerce-de-droite wpb_column vc_column_container vc_col-sm-6\"><div class=\"vc_column-inner\"><div class=\"wpb_wrapper\">\n\t<div class=\"wpb_text_column wpb_content_element\">\n\t\t<div class=\"wpb_wrapper\">\n\t\t\t<div class=\"icon-ajouts\"><span class=\"aligncenter\"><img decoding=\"async\" loading=\"lazy\" class=\"aligncenter\" style=\"max-width: 50px;\" src=\"https:\/\/groix.online\/wp-content\/uploads\/2017\/07\/002-steak.png\" alt=\"Groix Butcher Shop\" width=\"50\" height=\"50\" \/><\/span><\/div>\n<h2 class=\"sous-parties-commerces\">Isle Butcher Shop<\/h2>\n<p>Lo\u00efc Le Mar\u00e9chal&#039;s butcher shop is renowned for its Groix specialties: tuna fishermen&#039;s bacon, gangster p\u00e2t\u00e9, &quot;grek&quot; blood sausage\u2026<br \/>\nButcher shop, delicatessen, rotisserie, caterer, organic products.<\/p>\n\n\t\t<\/div>\n\t<\/div>\n\n\t<div class=\"wpb_text_column wpb_content_element\">\n\t\t<div class=\"wpb_wrapper\">\n\t\t\t<p><strong>In the Village<\/strong><br \/>\n17 rue du Presbyt\u00e8re, 56590 Groix<\/p>\n<p><u>Hours of operation<\/u> :<br \/>\nTuesday to Saturday: 9:00am-12:30pm and 4:30pm-7:00pm<br \/>\nSunday: 9:00 AM - 12:30 PM<br \/>\nClosed on Mondays<\/p>\n\n\t\t<\/div>\n\t<\/div>\n<\/div><\/div><\/div><\/div><div class=\"vc_row wpb_row vc_row-fluid\"><div class=\"wpb_column vc_column_container vc_col-sm-12\"><div class=\"vc_column-inner\"><div class=\"wpb_wrapper\"><div class=\"vc_separator wpb_content_element vc_separator_align_center vc_sep_width_100 vc_sep_pos_align_center vc_separator_no_text vc_sep_color_grey\"><span class=\"vc_sep_holder vc_sep_holder_l\"><span  class=\"vc_sep_line\"><\/span><\/span><span class=\"vc_sep_holder vc_sep_holder_r\"><span  class=\"vc_sep_line\"><\/span><\/span>\n<\/div><\/div><\/div><\/div><\/div><div class=\"vc_row wpb_row vc_row-fluid\"><div class=\"wpb_column vc_column_container vc_col-sm-6\"><div class=\"vc_column-inner\"><div class=\"wpb_wrapper\">\n\t<div class=\"wpb_text_column wpb_content_element\">\n\t\t<div class=\"wpb_wrapper\">\n\t\t\t<div class=\"icon-ajouts\"><span class=\"aligncenter\"><img decoding=\"async\" loading=\"lazy\" class=\"aligncenter\" style=\"max-width: 50px;\" src=\"https:\/\/groix.online\/wp-content\/uploads\/2017\/07\/004-market.png\" alt=\"Groix Market\" width=\"50\" height=\"50\" \/><\/span><\/div>\n<h2 class=\"sous-parties-commerces\">The Market Halls of the Town<\/h2>\n<p>The Groix Market Hall, the island&#039;s main market: Fruits and vegetables, Groix abalone, fish, Groix mussels\u2026<\/p>\n\n\t\t<\/div>\n\t<\/div>\n\n\t<div class=\"wpb_text_column wpb_content_element\">\n\t\t<div class=\"wpb_wrapper\">\n\t\t\t<p><strong>In the Village<\/strong><br \/>\nPlace des Halles<\/p>\n<p><u>Hours of operation<\/u> :<br \/>\nMorning<\/p>\n\n\t\t<\/div>\n\t<\/div>\n<\/div><\/div><\/div><div class=\"commerce-de-droite wpb_column vc_column_container vc_col-sm-6\"><div class=\"vc_column-inner\"><div class=\"wpb_wrapper\"><\/div><\/div><\/div><\/div>","protected":false},"excerpt":{"rendered":"Carrefour Contact The Carrefour Contact supermarket is located in the town center. It&#039;s the shop open the latest (until 8 pm) and is open on Sundays during the summer holidays. Address: Route de Kermaris Kermunition, 56590 Groix. Opening hours: Monday to Saturday: 8 am - 8 pm, Sunday: 9 am - 1 pm. Intermarch\u00e9 Intermarch\u00e9, at the top of the hill towards Port-Tudy, is [...]","protected":false},"author":1,"featured_media":0,"parent":0,"menu_order":0,"comment_status":"closed","ping_status":"closed","template":"","meta":{"inline_featured_image":false},"acf":[],"_links":{"self":[{"href":"https:\/\/groix.online\/en\/wp-json\/wp\/v2\/pages\/14083"}],"collection":[{"href":"https:\/\/groix.online\/en\/wp-json\/wp\/v2\/pages"}],"about":[{"href":"https:\/\/groix.online\/en\/wp-json\/wp\/v2\/types\/page"}],"author":[{"embeddable":true,"href":"https:\/\/groix.online\/en\/wp-json\/wp\/v2\/users\/1"}],"replies":[{"embeddable":true,"href":"https:\/\/groix.online\/en\/wp-json\/wp\/v2\/comments?post=14083"}],"version-history":[{"count":2,"href":"https:\/\/groix.online\/en\/wp-json\/wp\/v2\/pages\/14083\/revisions"}],"predecessor-version":[{"id":15452,"href":"https:\/\/groix.online\/en\/wp-json\/wp\/v2\/pages\/14083\/revisions\/15452"}],"wp:attachment":[{"href":"https:\/\/groix.online\/en\/wp-json\/wp\/v2\/media?parent=14083"}],"curies":[{"name":"wp","href":"https:\/\/api.w.org\/{rel}","templated":true}]}}