{"id":11121,"date":"2017-02-17T20:02:13","date_gmt":"2017-02-17T19:02:13","guid":{"rendered":"https:\/\/groix.online\/?page_id=11121"},"modified":"2025-03-21T10:53:24","modified_gmt":"2025-03-21T09:53:24","slug":"crossing-to-groix-island-by-boat","status":"publish","type":"page","link":"https:\/\/groix.online\/en\/crossing-to-groix-island-by-boat\/","title":{"rendered":"Crossing to Groix Island by boat"},"content":{"rendered":"<div class=\"vc_row wpb_row vc_row-fluid\"><div class=\"wpb_column vc_column_container vc_col-sm-12\"><div class=\"vc_column-inner\"><div class=\"wpb_wrapper\">\n\t<div class=\"wpb_text_column wpb_content_element\">\n\t\t<div class=\"wpb_wrapper\">\n\t\t\t<p>One question comes up frequently: <strong>How to make the crossing to the island of Groix?<\/strong> Well, quite simply by boat. And most often from Lorient or Lomener\/Ploemeur. Indeed, to get to Groix you can take the ferry with Compagnie Oc\u00e9ane or Escal&#039;Ouest. Alternatively, you can also come <a href=\"https:\/\/groix.online\/en\/\">visit the island of Groix<\/a> by your own means: by sailboat or with your motorboat.<\/p>\n<p>In most cases, you will arrive in Groix via one of the ferry terminals in Lorient. Here are the transport options for <strong>go to the Lorient Maritime Station<\/strong>.<\/p>\n\n\t\t<\/div>\n\t<\/div>\n<\/div><\/div><\/div><\/div><div class=\"vc_row wpb_row vc_row-fluid\"><div class=\"wpb_column vc_column_container vc_col-sm-12\"><div class=\"vc_column-inner\"><div class=\"wpb_wrapper\">\n\t<div class=\"wpb_raw_code wpb_content_element wpb_raw_html\">\n\t\t<div class=\"wpb_wrapper\">\n\t\t\t<div class=\"vc_separator wpb_content_element vc_separator_align_center vc_sep_width_100 vc_sep_shadow vc_sep_pos_align_center vc_sep_color_grey vc_separator-has-text\"><span class=\"vc_sep_holder vc_sep_holder_l\"><span class=\"vc_sep_line\"><\/span><\/span><h2 class=\"sous-titre-venir\">Access the Lorient ferry terminal to go to Groix<\/h2><span class=\"vc_sep_holder vc_sep_holder_r\"><span class=\"vc_sep_line\"><\/span><\/span><\/div>\n\t\t<\/div>\n\t<\/div>\n<\/div><\/div><\/div><\/div><div class=\"vc_row wpb_row vc_row-fluid vc_custom_1490902031524 vc_row-o-equal-height vc_row-flex\"><div class=\"wpb_column vc_column_container vc_col-sm-4\"><div class=\"vc_column-inner\"><div class=\"wpb_wrapper\">\n\t<div class=\"wpb_text_column wpb_content_element  bloc-text-gauche\">\n\t\t<div class=\"wpb_wrapper\">\n\t\t\t<div class=\"icon-ajouts\"><img decoding=\"async\" loading=\"lazy\" src=\"https:\/\/groix.online\/wp-content\/uploads\/2017\/02\/icon-train-venir-a-groix.png\" alt=\"Getting to Groix by train from Lorient\" width=\"80\" height=\"80\" \/><\/div>\n<p>Lorient SNCF train station is a 30-minute walk from the ferry terminal for the Groix ferry. Alternatively, the footbridge at the end of the station platforms provides access to the bus lines in front of the interchange station. <a href=\"https:\/\/s3.eu-west-1.amazonaws.com\/files.ctrl.fr\/public\/documents\/8_ligne%20112_Septembre_2022_0.pdf?VersionId=h5u51HTcfQ7oUXJl1tqPQ_wJV8CD63sS\" target=\"_blank\" rel=\"noopener\">line 112<\/a> will transport you directly to the Lorient ferry terminal.<\/p>\n\n\t\t<\/div>\n\t<\/div>\n<\/div><\/div><\/div><div class=\"wpb_column vc_column_container vc_col-sm-4\"><div class=\"vc_column-inner\"><div class=\"wpb_wrapper\">\n\t<div class=\"wpb_text_column wpb_content_element  bloc-text-gauche\">\n\t\t<div class=\"wpb_wrapper\">\n\t\t\t<div class=\"icon-ajouts\"><img decoding=\"async\" loading=\"lazy\" src=\"https:\/\/groix.online\/wp-content\/uploads\/2017\/02\/icon-voiture-venir-a-groix.png\" alt=\"Getting to Groix by car\" width=\"80\" height=\"80\" \/><\/div>\n<p>Once you arrive in Lorient by car, follow the road signs to the Gare Maritime (ferry terminal) with the signage &quot;Embarcad\u00e8re \u2013 \u00cele de Groix&quot;. You can leave your car in the free 250-space car park (unsupervised). This car park fills up quickly during peak season, so you will need to use the paid car parks in Lorient, located a 10-15 minute walk away.<\/p>\n\n\t\t<\/div>\n\t<\/div>\n<\/div><\/div><\/div><div class=\"wpb_column vc_column_container vc_col-sm-4\"><div class=\"vc_column-inner\"><div class=\"wpb_wrapper\">\n\t<div class=\"wpb_text_column wpb_content_element  bloc-text-gauche\">\n\t\t<div class=\"wpb_wrapper\">\n\t\t\t<div class=\"icon-ajouts\"><img decoding=\"async\" loading=\"lazy\" src=\"https:\/\/groix.online\/wp-content\/uploads\/2017\/02\/icon-avion-venir-a-groix.png\" alt=\"Flying to Groix from Lorient\" width=\"80\" height=\"80\" \/><\/div>\n<p>Lorient Airport (Lann-Bihou\u00e9) is located in the town of Ploemeur, 15 minutes from Lorient and 30 minutes from the ferry to Groix. Currently, there is no bus service between the airport and the Lorient ferry terminal, where the Compagnie Oc\u00e9ane ferry departs. You can reach the terminal by taxi or by renting a car from one of the rental agencies at the airport.<\/p>\n\n\t\t<\/div>\n\t<\/div>\n<\/div><\/div><\/div><\/div><div class=\"vc_row wpb_row vc_row-fluid\"><div class=\"bloc-sous-titre wpb_column vc_column_container vc_col-sm-12\"><div class=\"vc_column-inner\"><div class=\"wpb_wrapper\">\n\t<div class=\"wpb_raw_code wpb_content_element wpb_raw_html\">\n\t\t<div class=\"wpb_wrapper\">\n\t\t\t<div class=\"vc_separator wpb_content_element vc_separator_align_center vc_sep_width_100 vc_sep_shadow vc_sep_pos_align_center vc_sep_color_grey vc_separator-has-text\"><span class=\"vc_sep_holder vc_sep_holder_l\"><span class=\"vc_sep_line\"><\/span><\/span><h2 class=\"sous-titre-venir\">Companies that operate boat crossings to Groix<\/h2><span class=\"vc_sep_holder vc_sep_holder_r\"><span class=\"vc_sep_line\"><\/span><\/span><\/div>\n\t\t<\/div>\n\t<\/div>\n<\/div><\/div><\/div><\/div><div class=\"vc_row wpb_row vc_row-fluid\"><div class=\"wpb_column vc_column_container vc_col-sm-12\"><div class=\"vc_column-inner\"><div class=\"wpb_wrapper\">\n\t<div class=\"wpb_text_column wpb_content_element\">\n\t\t<div class=\"wpb_wrapper\">\n\t\t\t<p>With the means described, you will be able to reach the Maritime Station and take the <strong>boat heading towards the island of Groix<\/strong> of the <strong>Compagnie Oc\u00e9ane.<\/strong>\u00a0This is the main ferry company that operates crossings every day of the year. Alternatively, you can go to Lorient La Base to board the shuttle boats.\u00a0<strong>Escal west.<\/strong> This Lorient-based company operates crossings between Lorient and Groix all year round.<\/p>\n\n\t\t<\/div>\n\t<\/div>\n<\/div><\/div><\/div><\/div><div class=\"vc_row wpb_row vc_row-fluid vc_custom_1501099945915 vc_row-o-equal-height vc_row-flex\"><div class=\"texte-compagnie wpb_column vc_column_container vc_col-sm-6\"><div class=\"vc_column-inner vc_custom_1521276711809\"><div class=\"wpb_wrapper\">\n\t<div class=\"wpb_text_column wpb_content_element  bloc-text-gauche\">\n\t\t<div class=\"wpb_wrapper\">\n\t\t\t<h3 class=\"titre-compagnie\"><a href=\"https:\/\/groix.online\/en\/directory\/laita-cruises\/\">La\u00efta Cruises<\/a><\/h3>\n<p>From the typical port of Lomener in Ploemeur, the company offers maritime connections to Port-Tudy on the &quot;\u00ab\u00a0<em>Touellen<\/em>\u00a0\u00bb&quot; , a 48-seat ship.<\/p>\n<p><span class=\"alignnone\"><a href=\"https:\/\/groix.online\/en\/directory\/laita-cruises\/\"><img decoding=\"async\" loading=\"lazy\" class=\"alignnone wp-image-16295 size-medium\" src=\"https:\/\/groix.online\/wp-content\/uploads\/2023\/06\/laita-450x203.jpg\" alt=\"\" width=\"450\" height=\"203\" srcset=\"https:\/\/groix.online\/wp-content\/uploads\/2023\/06\/laita-450x203.jpg 450w, https:\/\/groix.online\/wp-content\/uploads\/2023\/06\/laita.jpg 600w\" sizes=\"(max-width: 450px) 100vw, 450px\" \/><\/a><\/span><\/p>\n<p>Numerous ferries between Lorient and Groix are scheduled daily. The company <b>Oceane<\/b> can also help you get through it.<\/p>\n\n\t\t<\/div>\n\t<\/div>\n<\/div><\/div><\/div><div class=\"texte-compagnie wpb_column vc_column_container vc_col-sm-6\"><div class=\"vc_column-inner vc_custom_1521276719569\"><div class=\"wpb_wrapper\">\n\t<div class=\"wpb_text_column wpb_content_element  bloc-text-gauche\">\n\t\t<div class=\"wpb_wrapper\">\n\t\t\t<h3 class=\"titre-compagnie\"><a href=\"https:\/\/groix.online\/en\/directory\/escalouest\/\">Escal&#039;Ouest<\/a><\/h3>\n<p>Escal&#039;ouest operates the crossing to Groix Island from Lorient La Base during the season: <strong>from April to September<\/strong>, every weekend + every day in July and August.<\/p>\n<p><span class=\"alignnone\"><img decoding=\"async\" loading=\"lazy\" class=\"alignnone wp-image-13692 size-medium\" src=\"https:\/\/groix.online\/wp-content\/uploads\/2017\/02\/venir-a-groix-liaison-bateau-lorient-groix-escalouest-450x208.jpg\" alt=\"\" width=\"450\" height=\"208\" srcset=\"https:\/\/groix.online\/wp-content\/uploads\/2017\/02\/venir-a-groix-liaison-bateau-lorient-groix-escalouest-450x208.jpg 450w, https:\/\/groix.online\/wp-content\/uploads\/2017\/02\/venir-a-groix-liaison-bateau-lorient-groix-escalouest-768x354.jpg 768w, https:\/\/groix.online\/wp-content\/uploads\/2017\/02\/venir-a-groix-liaison-bateau-lorient-groix-escalouest-600x277.jpg 600w, https:\/\/groix.online\/wp-content\/uploads\/2017\/02\/venir-a-groix-liaison-bateau-lorient-groix-escalouest.jpg 800w\" sizes=\"(max-width: 450px) 100vw, 450px\" \/><\/span><\/p>\n<p>The crossing also takes 40 minutes. You can also take advantage of additional services on Saturdays in July and August, as well as extra boats throughout the summer. A return ticket costs \u20ac30 per adult. There is a promotional fare of \u20ac22 for a return ticket, as well as family rates. You can buy your tickets online or at the ticket offices. <a href=\"http:\/\/www.escal-ouest.com\/index.php\/nos-points-de-vente\/\" target=\"_blank\" rel=\"noopener\">local points of sale<\/a>. Free parking is available.<\/p>\n<p>Note that the Escal&#039;Ouest boat makes a stopover in <strong>Port Louis<\/strong> before heading towards the island of Groix.<br \/>\n\u2013 Departure times from Lorient-La Base: 09:00 and 16:30<br \/>\n\u2013 Departure times from Port Louis: 09:20 and 16:45<br \/>\n\u2013 Departure times from Port-Tudy on Groix: 10:15 and 17:45<\/p>\n<p>Details of crossing times and fares: <a href=\"https:\/\/www.escal-ouest.com\/Offres\/ile-de-groix\/\" target=\"_blank\" rel=\"noopener\">Escal&#039;Ouest Site<\/a><br \/>\nDetails on the timetable and stops of bus T2 serving the Lorient \u2013 La base stop: <a href=\"https:\/\/moovitapp.com\/index\/fr\/transport_en_commun-line-T2-Lorient-4643-1033113-4533801-0\" target=\"_blank\" rel=\"noopener nofollow\">Moovitapp<\/a><\/p>\n\n\t\t<\/div>\n\t<\/div>\n<\/div><\/div><\/div><\/div><div class=\"vc_row wpb_row vc_row-fluid\"><div class=\"wpb_column vc_column_container vc_col-sm-6\"><div class=\"vc_column-inner\"><div class=\"wpb_wrapper\"><div class=\"wpb_gmaps_widget wpb_content_element\">\n\t\t<div class=\"wpb_wrapper\">\n\t\t<div class=\"wpb_map_wraper\">\n\t\t\t<iframe src=\"https:\/\/www.google.com\/maps\/embed?pb=!1m28!1m12!1m3!1d42922.16170183691!2d-3.3947550053559423!3d47.74973421311996!2m3!1f0!2f0!3f0!3m2!1i1024!2i768!4f13.1!4m13!3e3!4m5!1s0x48105ef8cb1534cb%3A0x25c43ed58e411f61!2sGare+de+Lorient%2C+Rue+Beauvais%2C+Lorient%2C+France!3m2!1d47.755533199999995!2d-3.3662627!4m5!1s0x48105e43a2cbf74d%3A0x3949d0ae42818c9c!2sGare+Maritime+Lorient%2C+Rue+Gilles+Gahinet%2C+Lorient%2C+France!3m2!1d47.7418215!2d-3.3523511!5e0!3m2!1sfr!2sfr!4v1490396029749\" width=\"600\" height=\"450\" frameborder=\"0\" style=\"border:0\" allowfullscreen><\/iframe>\t\t<\/div>\n\t<\/div>\n<\/div>\n<\/div><\/div><\/div><div class=\"wpb_column vc_column_container vc_col-sm-6\"><div class=\"vc_column-inner\"><div class=\"wpb_wrapper\"><div class=\"wpb_gmaps_widget wpb_content_element\">\n\t\t<div class=\"wpb_wrapper\">\n\t\t<div class=\"wpb_map_wraper\">\n\t\t\t<iframe src=\"https:\/\/www.google.com\/maps\/embed?pb=!1m28!1m12!1m3!1d21463.8716250998!2d-3.393605471759308!3d47.7429660683973!2m3!1f0!2f0!3f0!3m2!1i1024!2i768!4f13.1!4m13!3e3!4m5!1s0x48105ef8acdef225%3A0x90d397205bc6c844!2sPl.%20Fran%C3%A7ois%20Miterrand%2C%2056100%20Lorient!3m2!1d47.754316499999995!2d-3.3661653!4m5!1s0x48105ffb8f23bd6b%3A0x1382258275091d88!2sEmbarcad%C3%A8re%20Lorient%20La%20Base%20Escal&#39;Ouest%2C%20Lorient!3m2!1d47.729693!2d-3.373388!5e0!3m2!1sfr!2sfr!4v1679909918122!5m2!1sfr!2sfr\" width=\"600\" height=\"450\" frameborder=\"0\" style=\"border:0\" allowfullscreen><\/iframe>\t\t<\/div>\n\t<\/div>\n<\/div>\n<\/div><\/div><\/div><\/div><div class=\"vc_row wpb_row vc_row-fluid\"><div class=\"wpb_column vc_column_container vc_col-sm-12\"><div class=\"vc_column-inner\"><div class=\"wpb_wrapper\">\n\t<div class=\"wpb_text_column wpb_content_element\">\n\t\t<div class=\"wpb_wrapper\">\n\t\t\t<p>Before taking the boat to the island of Groix, it is recommended to\u00a0<strong>check the schedules and weather conditions<\/strong>. In case of bad weather, some crossings may be cancelled or postponed. Please contact the ferry companies for the latest information regarding sailing conditions.<\/p>\n<h3>Some tips for your crossing<\/h3>\n<p>Here are some tips to ensure your crossing goes as smoothly as possible:<\/p>\n<ul>\n<li>Remember to arrive at the ferry terminal early, at least 30 minutes before the boat departs.<\/li>\n<li>During peak season, book your tickets in advance to avoid disappointment.<\/li>\n<li>Pack warm and windproof clothing, even in summer, as the crossing can be chilly.<\/li>\n<li>Bring a plastic bag for your waste, in order to preserve the environment and the cleanliness of the island.<\/li>\n<\/ul>\n\n\t\t<\/div>\n\t<\/div>\n<\/div><\/div><\/div><\/div><div class=\"vc_row wpb_row vc_row-fluid\"><div class=\"bloc-sous-titre wpb_column vc_column_container vc_col-sm-12\"><div class=\"vc_column-inner\"><div class=\"wpb_wrapper\">\n\t<div class=\"wpb_raw_code wpb_content_element wpb_raw_html\">\n\t\t<div class=\"wpb_wrapper\">\n\t\t\t<div class=\"vc_separator wpb_content_element vc_separator_align_center vc_sep_width_100 vc_sep_shadow vc_sep_pos_align_center vc_sep_color_grey vc_separator-has-text\"><span class=\"vc_sep_holder vc_sep_holder_l\"><span class=\"vc_sep_line\"><\/span><\/span><h2 class=\"sous-titre-venir\">Go to Groix by sailboat or motorboat<\/h2><span class=\"vc_sep_holder vc_sep_holder_r\"><span class=\"vc_sep_line\"><\/span><\/span><\/div>\n\t\t<\/div>\n\t<\/div>\n<\/div><\/div><\/div><\/div><div class=\"vc_row wpb_row vc_row-fluid\"><div class=\"wpb_column vc_column_container vc_col-sm-12\"><div class=\"vc_column-inner\"><div class=\"wpb_wrapper\">\n\t<div class=\"wpb_text_column wpb_content_element\">\n\t\t<div class=\"wpb_wrapper\">\n\t\t\t<p>You will of course be able to <strong>come to Groix on your own<\/strong>, Whether by motorboat or sailboat, Port Tudy on the island of Groix offers berths for boats on pontoons and moorings. Furthermore, feel free to contact the Groix harbor master&#039;s office before your arrival by sea. <a href=\"tel:0297865462\">02 97 86 54 62<\/a>.<\/p>\n<div id='gallery-1' class='gallery galleryid-11121 gallery-columns-2 gallery-size-full'><figure class='gallery-item'>\n\t\t\t<div class='gallery-icon landscape'>\n\t\t\t\t<a href='https:\/\/groix.online\/wp-content\/uploads\/2018\/03\/acces-bateau-voilier-port-tudy-ile-de-groix.jpg'><img width=\"1200\" height=\"800\" src=\"https:\/\/groix.online\/wp-content\/uploads\/2018\/03\/acces-bateau-voilier-port-tudy-ile-de-groix.jpg\" class=\"attachment-full size-full\" alt=\"\" decoding=\"async\" loading=\"lazy\" srcset=\"https:\/\/groix.online\/wp-content\/uploads\/2018\/03\/acces-bateau-voilier-port-tudy-ile-de-groix.jpg 1200w, https:\/\/groix.online\/wp-content\/uploads\/2018\/03\/acces-bateau-voilier-port-tudy-ile-de-groix-450x300.jpg 450w, https:\/\/groix.online\/wp-content\/uploads\/2018\/03\/acces-bateau-voilier-port-tudy-ile-de-groix-1024x683.jpg 1024w, https:\/\/groix.online\/wp-content\/uploads\/2018\/03\/acces-bateau-voilier-port-tudy-ile-de-groix-768x512.jpg 768w, https:\/\/groix.online\/wp-content\/uploads\/2018\/03\/acces-bateau-voilier-port-tudy-ile-de-groix-600x400.jpg 600w\" sizes=\"(max-width: 1200px) 100vw, 1200px\" \/><\/a>\n\t\t\t<\/div><\/figure><figure class='gallery-item'>\n\t\t\t<div class='gallery-icon landscape'>\n\t\t\t\t<a href='https:\/\/groix.online\/wp-content\/uploads\/2017\/12\/vue-port-tudy-ile-de-groix.jpg'><img width=\"1200\" height=\"800\" src=\"https:\/\/groix.online\/wp-content\/uploads\/2017\/12\/vue-port-tudy-ile-de-groix.jpg\" class=\"attachment-full size-full\" alt=\"Overview of Port Tudy on Groix\" decoding=\"async\" loading=\"lazy\" srcset=\"https:\/\/groix.online\/wp-content\/uploads\/2017\/12\/vue-port-tudy-ile-de-groix.jpg 1200w, https:\/\/groix.online\/wp-content\/uploads\/2017\/12\/vue-port-tudy-ile-de-groix-450x300.jpg 450w, https:\/\/groix.online\/wp-content\/uploads\/2017\/12\/vue-port-tudy-ile-de-groix-1024x683.jpg 1024w, https:\/\/groix.online\/wp-content\/uploads\/2017\/12\/vue-port-tudy-ile-de-groix-768x512.jpg 768w, https:\/\/groix.online\/wp-content\/uploads\/2017\/12\/vue-port-tudy-ile-de-groix-600x400.jpg 600w\" sizes=\"(max-width: 1200px) 100vw, 1200px\" \/><\/a>\n\t\t\t<\/div><\/figure>\n\t\t<\/div>\n\n\n\t\t<\/div>\n\t<\/div>\n\n\t<div class=\"wpb_text_column wpb_content_element\">\n\t\t<div class=\"wpb_wrapper\">\n\t\t\t<p>Now you have all the information you need to make the crossing to<strong>\u00a0the island of Groix<\/strong> All you have to do now is consult the <a href=\"https:\/\/groix.online\/en\/category-2\/accommodations\/\" target=\"_blank\" rel=\"noopener\">accommodations<\/a> for your stay.<\/p>\n<p>Finally, do you want to learn more about our little island in the Ponant? Head over to the <a href=\"https:\/\/groix.online\/en\/\" target=\"_blank\" rel=\"noopener\">homepage<\/a> from the site.<\/p>\n\n\t\t<\/div>\n\t<\/div>\n<\/div><\/div><\/div><\/div>","protected":false},"excerpt":{"rendered":"Une question revient souvent : Comment effectuer la travers\u00e9e vers l'\u00eele de Groix ? Et bien, par bateau tout simplement. Et le plus souvent depuis Lorient ou Lomener\/Ploemeur. En effet, pour aller \u00e0 Groix vous pourrez effectuer la travers\u00e9e avec le bateaux de la Compagnie Oc\u00e9ane ou ceux d'Escal'Ouest. Sinon vous pourrez \u00e9galement venir visiter [...]","protected":false},"author":1,"featured_media":11892,"parent":0,"menu_order":0,"comment_status":"closed","ping_status":"closed","template":"page-templates\/full_width.php","meta":{"inline_featured_image":false},"acf":[],"_links":{"self":[{"href":"https:\/\/groix.online\/en\/wp-json\/wp\/v2\/pages\/11121"}],"collection":[{"href":"https:\/\/groix.online\/en\/wp-json\/wp\/v2\/pages"}],"about":[{"href":"https:\/\/groix.online\/en\/wp-json\/wp\/v2\/types\/page"}],"author":[{"embeddable":true,"href":"https:\/\/groix.online\/en\/wp-json\/wp\/v2\/users\/1"}],"replies":[{"embeddable":true,"href":"https:\/\/groix.online\/en\/wp-json\/wp\/v2\/comments?post=11121"}],"version-history":[{"count":42,"href":"https:\/\/groix.online\/en\/wp-json\/wp\/v2\/pages\/11121\/revisions"}],"predecessor-version":[{"id":16729,"href":"https:\/\/groix.online\/en\/wp-json\/wp\/v2\/pages\/11121\/revisions\/16729"}],"wp:featuredmedia":[{"embeddable":true,"href":"https:\/\/groix.online\/en\/wp-json\/wp\/v2\/media\/11892"}],"wp:attachment":[{"href":"https:\/\/groix.online\/en\/wp-json\/wp\/v2\/media?parent=11121"}],"curies":[{"name":"wp","href":"https:\/\/api.w.org\/{rel}","templated":true}]}}